{"id":1319,"date":"2025-09-22T12:38:39","date_gmt":"2025-09-22T09:38:39","guid":{"rendered":"https:\/\/texter.ee\/services\/"},"modified":"2025-10-05T21:05:18","modified_gmt":"2025-10-05T18:05:18","slug":"teenused","status":"publish","type":"page","link":"https:\/\/texter.ee\/ru\/teenused\/","title":{"rendered":"\u0423\u0441\u043b\u0443\u0433\u0438"},"content":{"rendered":"<div data-elementor-type=\"wp-page\" data-elementor-id=\"1319\" class=\"elementor elementor-1319\">\n\t\t\t\t<div class=\"elementor-element elementor-element-93263f3 e-flex e-con-boxed e-con e-parent\" data-id=\"93263f3\" data-element_type=\"container\" data-settings=\"{&quot;background_background&quot;:&quot;classic&quot;}\">\n\t\t\t\t\t<div class=\"e-con-inner\">\n\t\t<div class=\"elementor-element elementor-element-6c32ff7 e-flex e-con-boxed e-con e-child\" data-id=\"6c32ff7\" data-element_type=\"container\">\n\t\t\t\t\t<div class=\"e-con-inner\">\n\t\t\t\t<div class=\"elementor-element elementor-element-888fcee elementor-widget elementor-widget-heading\" data-id=\"888fcee\" data-element_type=\"widget\" data-widget_type=\"heading.default\">\n\t\t\t\t<div class=\"elementor-widget-container\">\n\t\t\t\t\t<h1 class=\"elementor-heading-title elementor-size-default\">\u041d\u0430\u0448\u0438 \u0443\u0441\u043b\u0443\u0433\u0438<\/h1>\t\t\t\t<\/div>\n\t\t\t\t<\/div>\n\t\t\t\t\t<\/div>\n\t\t\t\t<\/div>\n\t\t\t\t\t<\/div>\n\t\t\t\t<\/div>\n\t\t<div class=\"elementor-element elementor-element-4cb475b e-flex e-con-boxed e-con e-parent\" data-id=\"4cb475b\" data-element_type=\"container\">\n\t\t\t\t\t<div class=\"e-con-inner\">\n\t\t<div class=\"elementor-element elementor-element-9741bfd e-con-full e-flex e-con e-child\" data-id=\"9741bfd\" data-element_type=\"container\">\n\t\t\t\t<div class=\"elementor-element elementor-element-d90ef00 elementor-widget elementor-widget-image\" data-id=\"d90ef00\" data-element_type=\"widget\" data-widget_type=\"image.default\">\n\t\t\t\t<div class=\"elementor-widget-container\">\n\t\t\t\t\t\t\t\t\t\t\t\t\t\t\t<img fetchpriority=\"high\" decoding=\"async\" width=\"960\" height=\"1280\" src=\"https:\/\/texter.ee\/wp-content\/uploads\/2025\/09\/g6c738f249af51140eb4171ea8523251248b6b208b0e186e1480d184e02c114423b5bfe24c5b2664e6755b2bb16bfd15af4f0a19a304e1890423398c26bd3f41f_1280-3054758.jpg\" class=\"attachment-2048x2048 size-2048x2048 wp-image-2376\" alt=\"paper, newspaper, book, text, document, glasses, newspaper, newspaper, newspaper, newspaper, newspaper\" srcset=\"https:\/\/texter.ee\/wp-content\/uploads\/2025\/09\/g6c738f249af51140eb4171ea8523251248b6b208b0e186e1480d184e02c114423b5bfe24c5b2664e6755b2bb16bfd15af4f0a19a304e1890423398c26bd3f41f_1280-3054758.jpg 960w, https:\/\/texter.ee\/wp-content\/uploads\/2025\/09\/g6c738f249af51140eb4171ea8523251248b6b208b0e186e1480d184e02c114423b5bfe24c5b2664e6755b2bb16bfd15af4f0a19a304e1890423398c26bd3f41f_1280-3054758-600x800.jpg 600w, https:\/\/texter.ee\/wp-content\/uploads\/2025\/09\/g6c738f249af51140eb4171ea8523251248b6b208b0e186e1480d184e02c114423b5bfe24c5b2664e6755b2bb16bfd15af4f0a19a304e1890423398c26bd3f41f_1280-3054758-225x300.jpg 225w, https:\/\/texter.ee\/wp-content\/uploads\/2025\/09\/g6c738f249af51140eb4171ea8523251248b6b208b0e186e1480d184e02c114423b5bfe24c5b2664e6755b2bb16bfd15af4f0a19a304e1890423398c26bd3f41f_1280-3054758-768x1024.jpg 768w\" sizes=\"(max-width: 960px) 100vw, 960px\" title=\"\u0423\u0441\u043b\u0443\u0433\u0438\">\t\t\t\t\t\t\t\t\t\t\t\t\t\t\t<\/div>\n\t\t\t\t<\/div>\n\t\t\t\t<\/div>\n\t\t<div class=\"elementor-element elementor-element-458f621 e-con-full e-flex e-con e-child\" data-id=\"458f621\" data-element_type=\"container\">\n\t\t\t\t<div class=\"elementor-element elementor-element-57ee7d9 elementor-widget elementor-widget-heading\" data-id=\"57ee7d9\" data-element_type=\"widget\" data-widget_type=\"heading.default\">\n\t\t\t\t<div class=\"elementor-widget-container\">\n\t\t\t\t\t<h4 class=\"elementor-heading-title elementor-size-default\">Kirjalik t\u00f5lge<\/h4>\t\t\t\t<\/div>\n\t\t\t\t<\/div>\n\t\t\t\t<div class=\"elementor-element elementor-element-9dbc1b1 elementor-widget elementor-widget-text-editor\" data-id=\"9dbc1b1\" data-element_type=\"widget\" data-widget_type=\"text-editor.default\">\n\t\t\t\t<div class=\"elementor-widget-container\">\n\t\t\t\t\t\t\t\t\t<p style=\"font-weight: 400;\">Pakume professionaalseid t\u00f5lkeid eesti, inglise ja vene suunal, olgu see ametlik dokument, turundusmaterjal v\u00f5i igap\u00e4evane suhtlus. Aitame sinu s\u00f5numil j\u00f5uda \u00f5igete inimesteni.<\/p>\t\t\t\t\t\t\t\t<\/div>\n\t\t\t\t<\/div>\n\t\t\t\t<div class=\"elementor-element elementor-element-7179690 elementor-widget elementor-widget-button\" data-id=\"7179690\" data-element_type=\"widget\" data-widget_type=\"button.default\">\n\t\t\t\t<div class=\"elementor-widget-container\">\n\t\t\t\t\t\t\t\t\t<div class=\"elementor-button-wrapper\">\n\t\t\t\t\t<a class=\"elementor-button elementor-size-sm\" role=\"button\">\n\t\t\t\t\t\t<span class=\"elementor-button-content-wrapper\">\n\t\t\t\t\t\t\t\t\t<span class=\"elementor-button-text\">Telli<\/span>\n\t\t\t\t\t<\/span>\n\t\t\t\t\t<\/a>\n\t\t\t\t<\/div>\n\t\t\t\t\t\t\t\t<\/div>\n\t\t\t\t<\/div>\n\t\t\t\t<\/div>\n\t\t\t\t\t<\/div>\n\t\t\t\t<\/div>\n\t\t<div class=\"elementor-element elementor-element-f270834 e-flex e-con-boxed e-con e-parent\" data-id=\"f270834\" data-element_type=\"container\">\n\t\t\t\t\t<div class=\"e-con-inner\">\n\t\t<div class=\"elementor-element elementor-element-d82f624 e-con-full e-flex e-con e-child\" data-id=\"d82f624\" data-element_type=\"container\">\n\t\t\t\t<div class=\"elementor-element elementor-element-3b778e2 elementor-widget elementor-widget-image\" data-id=\"3b778e2\" data-element_type=\"widget\" data-widget_type=\"image.default\">\n\t\t\t\t<div class=\"elementor-widget-container\">\n\t\t\t\t\t\t\t\t\t\t\t\t\t\t\t<img decoding=\"async\" width=\"427\" height=\"640\" src=\"https:\/\/texter.ee\/wp-content\/uploads\/2025\/09\/g46952f87e4bc1accf2f9dd934020747068420f2c937f2e599166f49c1ad92a9508db9a1a3477837a769a0400f1b8c06d_640-3964050.jpg\" class=\"attachment-full size-full wp-image-2381\" alt=\"book, read, book pages, literature, knowledge, reading, education, study, pages, paper, open, book stack, book, book, book, book, book, reading, reading, reading, education, education, education, education, study, study, study\" srcset=\"https:\/\/texter.ee\/wp-content\/uploads\/2025\/09\/g46952f87e4bc1accf2f9dd934020747068420f2c937f2e599166f49c1ad92a9508db9a1a3477837a769a0400f1b8c06d_640-3964050.jpg 427w, https:\/\/texter.ee\/wp-content\/uploads\/2025\/09\/g46952f87e4bc1accf2f9dd934020747068420f2c937f2e599166f49c1ad92a9508db9a1a3477837a769a0400f1b8c06d_640-3964050-200x300.jpg 200w\" sizes=\"(max-width: 427px) 100vw, 427px\" title=\"\u0423\u0441\u043b\u0443\u0433\u0438\">\t\t\t\t\t\t\t\t\t\t\t\t\t\t\t<\/div>\n\t\t\t\t<\/div>\n\t\t\t\t<\/div>\n\t\t<div class=\"elementor-element elementor-element-dda9887 e-con-full e-flex e-con e-child\" data-id=\"dda9887\" data-element_type=\"container\">\n\t\t\t\t<div class=\"elementor-element elementor-element-dbd12a7 elementor-widget elementor-widget-heading\" data-id=\"dbd12a7\" data-element_type=\"widget\" data-widget_type=\"heading.default\">\n\t\t\t\t<div class=\"elementor-widget-container\">\n\t\t\t\t\t<h4 class=\"elementor-heading-title elementor-size-default\">Teksti toimetamine<\/h4>\t\t\t\t<\/div>\n\t\t\t\t<\/div>\n\t\t\t\t<div class=\"elementor-element elementor-element-2d71e83 elementor-widget elementor-widget-heading\" data-id=\"2d71e83\" data-element_type=\"widget\" data-widget_type=\"heading.default\">\n\t\t\t\t<div class=\"elementor-widget-container\">\n\t\t\t\t\t<h3 class=\"elementor-heading-title elementor-size-default\">Teksti toimetamise k\u00e4igus parandatakse lisaks kirjavigadele ka teksti stiili, lihtsustatakse lauseehitust ja s\u00f5nastatakse tekst \u00fcmber. Anname endast alati parima, et tekst oleks veatu, k\u00f5laks h\u00e4sti ja vastaks sinu ootustele.<\/h3>\t\t\t\t<\/div>\n\t\t\t\t<\/div>\n\t\t\t\t<div class=\"elementor-element elementor-element-6a32355 elementor-widget elementor-widget-button\" data-id=\"6a32355\" data-element_type=\"widget\" data-widget_type=\"button.default\">\n\t\t\t\t<div class=\"elementor-widget-container\">\n\t\t\t\t\t\t\t\t\t<div class=\"elementor-button-wrapper\">\n\t\t\t\t\t<a class=\"elementor-button elementor-button-link elementor-size-sm\" href=\"#\">\n\t\t\t\t\t\t<span class=\"elementor-button-content-wrapper\">\n\t\t\t\t\t\t\t\t\t<span class=\"elementor-button-text\">Telli<\/span>\n\t\t\t\t\t<\/span>\n\t\t\t\t\t<\/a>\n\t\t\t\t<\/div>\n\t\t\t\t\t\t\t\t<\/div>\n\t\t\t\t<\/div>\n\t\t\t\t<\/div>\n\t\t\t\t\t<\/div>\n\t\t\t\t<\/div>\n\t\t<div class=\"elementor-element elementor-element-89f0651 e-flex e-con-boxed e-con e-parent\" data-id=\"89f0651\" data-element_type=\"container\">\n\t\t\t\t\t<div class=\"e-con-inner\">\n\t\t<div class=\"elementor-element elementor-element-0d63c59 e-con-full e-flex e-con e-child\" data-id=\"0d63c59\" data-element_type=\"container\">\n\t\t\t\t<div class=\"elementor-element elementor-element-65c3c3c elementor-widget elementor-widget-image\" data-id=\"65c3c3c\" data-element_type=\"widget\" data-widget_type=\"image.default\">\n\t\t\t\t<div class=\"elementor-widget-container\">\n\t\t\t\t\t\t\t\t\t\t\t\t\t\t\t<img decoding=\"async\" width=\"427\" height=\"640\" src=\"https:\/\/texter.ee\/wp-content\/uploads\/2025\/09\/gcd0d8c10d985ed90743c40ea293ae93f2ee032d0653e563ee83f8deef37a7c3f55ee69a87f30acd31d1d03464c002ce8_640-549080.jpg\" class=\"attachment-full size-full wp-image-2388\" alt=\"computer, keyboard, silver, computer, computer, computer, computer, computer, keyboard\" srcset=\"https:\/\/texter.ee\/wp-content\/uploads\/2025\/09\/gcd0d8c10d985ed90743c40ea293ae93f2ee032d0653e563ee83f8deef37a7c3f55ee69a87f30acd31d1d03464c002ce8_640-549080.jpg 427w, https:\/\/texter.ee\/wp-content\/uploads\/2025\/09\/gcd0d8c10d985ed90743c40ea293ae93f2ee032d0653e563ee83f8deef37a7c3f55ee69a87f30acd31d1d03464c002ce8_640-549080-200x300.jpg 200w\" sizes=\"(max-width: 427px) 100vw, 427px\" title=\"\u0423\u0441\u043b\u0443\u0433\u0438\">\t\t\t\t\t\t\t\t\t\t\t\t\t\t\t<\/div>\n\t\t\t\t<\/div>\n\t\t\t\t<\/div>\n\t\t<div class=\"elementor-element elementor-element-4897024 e-con-full e-flex e-con e-child\" data-id=\"4897024\" data-element_type=\"container\">\n\t\t\t\t<div class=\"elementor-element elementor-element-6bf4288 elementor-widget elementor-widget-heading\" data-id=\"6bf4288\" data-element_type=\"widget\" data-widget_type=\"heading.default\">\n\t\t\t\t<div class=\"elementor-widget-container\">\n\t\t\t\t\t<h4 class=\"elementor-heading-title elementor-size-default\">Tekstiloome<\/h4>\t\t\t\t<\/div>\n\t\t\t\t<\/div>\n\t\t\t\t<div class=\"elementor-element elementor-element-2080280 elementor-widget elementor-widget-text-editor\" data-id=\"2080280\" data-element_type=\"widget\" data-widget_type=\"text-editor.default\">\n\t\t\t\t<div class=\"elementor-widget-container\">\n\t\t\t\t\t\t\t\t\t<p>Tekstiloome teenus aitab sul luua sisukaid ja selgeid tekste, mis k\u00f5netavad sihtr\u00fchma ning toetavad sinu br\u00e4ndi ja eesm\u00e4rke \u2013 olgu selleks kodulehe sisu, artiklid, turundusmaterjalid v\u00f5i muu.<\/p>\t\t\t\t\t\t\t\t<\/div>\n\t\t\t\t<\/div>\n\t\t\t\t<div class=\"elementor-element elementor-element-a98e0b4 elementor-widget elementor-widget-button\" data-id=\"a98e0b4\" data-element_type=\"widget\" data-widget_type=\"button.default\">\n\t\t\t\t<div class=\"elementor-widget-container\">\n\t\t\t\t\t\t\t\t\t<div class=\"elementor-button-wrapper\">\n\t\t\t\t\t<a class=\"elementor-button elementor-button-link elementor-size-sm\" href=\"#\">\n\t\t\t\t\t\t<span class=\"elementor-button-content-wrapper\">\n\t\t\t\t\t\t\t\t\t<span class=\"elementor-button-text\">Telli<\/span>\n\t\t\t\t\t<\/span>\n\t\t\t\t\t<\/a>\n\t\t\t\t<\/div>\n\t\t\t\t\t\t\t\t<\/div>\n\t\t\t\t<\/div>\n\t\t\t\t<\/div>\n\t\t\t\t\t<\/div>\n\t\t\t\t<\/div>\n\t\t<div class=\"elementor-element elementor-element-c96eca9 e-flex e-con-boxed e-con e-parent\" data-id=\"c96eca9\" data-element_type=\"container\" data-settings=\"{&quot;background_background&quot;:&quot;classic&quot;}\">\n\t\t\t\t\t<div class=\"e-con-inner\">\n\t\t<div class=\"elementor-element elementor-element-5db1738 e-con-full e-flex e-con e-child\" data-id=\"5db1738\" data-element_type=\"container\">\n\t\t\t\t<div class=\"elementor-element elementor-element-728a3ca elementor-widget elementor-widget-text-editor\" data-id=\"728a3ca\" data-element_type=\"widget\" data-widget_type=\"text-editor.default\">\n\t\t\t\t<div class=\"elementor-widget-container\">\n\t\t\t\t\t\t\t\t\t<p style=\"font-weight: 400;\"><strong>Aitame sinu s\u00f5numil j\u00f5uda \u00f5igete inimesteni.<\/strong><\/p><p style=\"font-weight: 400;\">\u00a0<\/p>\t\t\t\t\t\t\t\t<\/div>\n\t\t\t\t<\/div>\n\t\t\t\t<\/div>\n\t\t<div class=\"elementor-element elementor-element-3a154d3 e-con-full e-flex e-con e-child\" data-id=\"3a154d3\" data-element_type=\"container\">\n\t\t<div class=\"elementor-element elementor-element-0cd199c e-con-full e-flex e-con e-child\" data-id=\"0cd199c\" data-element_type=\"container\">\n\t\t<div class=\"elementor-element elementor-element-5242dac e-con-full e-flex e-con e-child\" data-id=\"5242dac\" data-element_type=\"container\">\n\t\t\t\t<div class=\"elementor-element elementor-element-609d2c7 elementor-view-stacked elementor-shape-circle elementor-position-top elementor-mobile-position-top elementor-widget elementor-widget-icon-box\" data-id=\"609d2c7\" data-element_type=\"widget\" data-widget_type=\"icon-box.default\">\n\t\t\t\t<div class=\"elementor-widget-container\">\n\t\t\t\t\t\t\t<div class=\"elementor-icon-box-wrapper\">\n\n\t\t\t\t\t\t<div class=\"elementor-icon-box-icon\">\n\t\t\t\t<span  class=\"elementor-icon\">\n\t\t\t\t<i aria-hidden=\"true\" class=\"fas fa-award\"><\/i>\t\t\t\t<\/span>\n\t\t\t<\/div>\n\t\t\t\n\t\t\t\t\t\t<div class=\"elementor-icon-box-content\">\n\n\t\t\t\t\t\t\t\t\t<h3 class=\"elementor-icon-box-title\">\n\t\t\t\t\t\t<span  >\n\t\t\t\t\t\t\t15 aastat kogemust\t\t\t\t\t\t<\/span>\n\t\t\t\t\t<\/h3>\n\t\t\t\t\n\t\t\t\t\n\t\t\t<\/div>\n\t\t\t\n\t\t<\/div>\n\t\t\t\t\t\t<\/div>\n\t\t\t\t<\/div>\n\t\t\t\t<\/div>\n\t\t<div class=\"elementor-element elementor-element-2cd7577 e-con-full e-flex e-con e-child\" data-id=\"2cd7577\" data-element_type=\"container\">\n\t\t\t\t<div class=\"elementor-element elementor-element-c15ea43 elementor-view-stacked elementor-shape-circle elementor-position-top elementor-mobile-position-top elementor-widget elementor-widget-icon-box\" data-id=\"c15ea43\" data-element_type=\"widget\" data-widget_type=\"icon-box.default\">\n\t\t\t\t<div class=\"elementor-widget-container\">\n\t\t\t\t\t\t\t<div class=\"elementor-icon-box-wrapper\">\n\n\t\t\t\t\t\t<div class=\"elementor-icon-box-icon\">\n\t\t\t\t<span  class=\"elementor-icon\">\n\t\t\t\t<i aria-hidden=\"true\" class=\"fas fa-star\"><\/i>\t\t\t\t<\/span>\n\t\t\t<\/div>\n\t\t\t\n\t\t\t\n\t\t<\/div>\n\t\t\t\t\t\t<\/div>\n\t\t\t\t<\/div>\n\t\t\t\t<\/div>\n\t\t\t\t<\/div>\n\t\t<div class=\"elementor-element elementor-element-b7e1fd9 e-con-full e-flex e-con e-child\" data-id=\"b7e1fd9\" data-element_type=\"container\">\n\t\t<div class=\"elementor-element elementor-element-a88dc14 e-con-full e-flex e-con e-child\" data-id=\"a88dc14\" data-element_type=\"container\">\n\t\t\t\t<div class=\"elementor-element elementor-element-4e7dc6a elementor-view-stacked elementor-shape-circle elementor-position-top elementor-mobile-position-top elementor-widget elementor-widget-icon-box\" data-id=\"4e7dc6a\" data-element_type=\"widget\" data-widget_type=\"icon-box.default\">\n\t\t\t\t<div class=\"elementor-widget-container\">\n\t\t\t\t\t\t\t<div class=\"elementor-icon-box-wrapper\">\n\n\t\t\t\t\t\t<div class=\"elementor-icon-box-icon\">\n\t\t\t\t<span  class=\"elementor-icon\">\n\t\t\t\t<i aria-hidden=\"true\" class=\"fas fa-sync-alt\"><\/i>\t\t\t\t<\/span>\n\t\t\t<\/div>\n\t\t\t\n\t\t\t\n\t\t<\/div>\n\t\t\t\t\t\t<\/div>\n\t\t\t\t<\/div>\n\t\t\t\t<\/div>\n\t\t<div class=\"elementor-element elementor-element-f76a177 e-con-full e-flex e-con e-child\" data-id=\"f76a177\" data-element_type=\"container\">\n\t\t\t\t<div class=\"elementor-element elementor-element-360c858 elementor-view-stacked elementor-shape-circle elementor-position-top elementor-mobile-position-top elementor-widget elementor-widget-icon-box\" data-id=\"360c858\" data-element_type=\"widget\" data-widget_type=\"icon-box.default\">\n\t\t\t\t<div class=\"elementor-widget-container\">\n\t\t\t\t\t\t\t<div class=\"elementor-icon-box-wrapper\">\n\n\t\t\t\t\t\t<div class=\"elementor-icon-box-icon\">\n\t\t\t\t<span  class=\"elementor-icon\">\n\t\t\t\t<i aria-hidden=\"true\" class=\"fas fa-life-ring\"><\/i>\t\t\t\t<\/span>\n\t\t\t<\/div>\n\t\t\t\n\t\t\t\n\t\t<\/div>\n\t\t\t\t\t\t<\/div>\n\t\t\t\t<\/div>\n\t\t\t\t<\/div>\n\t\t\t\t<\/div>\n\t\t\t\t<\/div>\n\t\t\t\t\t<\/div>\n\t\t\t\t<\/div>\n\t\t\t\t<\/div>","protected":false},"excerpt":{"rendered":"<p>Meie teenused Kirjalik t\u00f5lge Pakume professionaalseid t\u00f5lkeid eesti, inglise ja vene suunal, olgu see ametlik dokument, turundusmaterjal v\u00f5i igap\u00e4evane suhtlus. Aitame sinu s\u00f5numil j\u00f5uda \u00f5igete inimesteni. Telli Teksti toimetamine Teksti toimetamise k\u00e4igus parandatakse lisaks kirjavigadele ka teksti stiili, lihtsustatakse lauseehitust ja s\u00f5nastatakse tekst \u00fcmber. Anname endast alati parima, et tekst oleks veatu, k\u00f5laks h\u00e4sti ja [&hellip;]<\/p>","protected":false},"author":1,"featured_media":0,"parent":0,"menu_order":0,"comment_status":"closed","ping_status":"closed","template":"","meta":{"site-sidebar-layout":"no-sidebar","site-content-layout":"page-builder","ast-site-content-layout":"default","site-content-style":"default","site-sidebar-style":"default","ast-global-header-display":"","ast-banner-title-visibility":"","ast-main-header-display":"","ast-hfb-above-header-display":"","ast-hfb-below-header-display":"","ast-hfb-mobile-header-display":"","site-post-title":"disabled","ast-breadcrumbs-content":"","ast-featured-img":"disabled","footer-sml-layout":"","theme-transparent-header-meta":"enabled","adv-header-id-meta":"","stick-header-meta":"","header-above-stick-meta":"","header-main-stick-meta":"","header-below-stick-meta":"","astra-migrate-meta-layouts":"default","ast-page-background-enabled":"default","ast-page-background-meta":{"desktop":{"background-color":"var(--ast-global-color-4)","background-image":"","background-repeat":"repeat","background-position":"center center","background-size":"auto","background-attachment":"scroll","background-type":"","background-media":"","overlay-type":"","overlay-color":"","overlay-opacity":"","overlay-gradient":""},"tablet":{"background-color":"","background-image":"","background-repeat":"repeat","background-position":"center center","background-size":"auto","background-attachment":"scroll","background-type":"","background-media":"","overlay-type":"","overlay-color":"","overlay-opacity":"","overlay-gradient":""},"mobile":{"background-color":"","background-image":"","background-repeat":"repeat","background-position":"center center","background-size":"auto","background-attachment":"scroll","background-type":"","background-media":"","overlay-type":"","overlay-color":"","overlay-opacity":"","overlay-gradient":""}},"ast-content-background-meta":{"desktop":{"background-color":"var(--ast-global-color-5)","background-image":"","background-repeat":"repeat","background-position":"center center","background-size":"auto","background-attachment":"scroll","background-type":"","background-media":"","overlay-type":"","overlay-color":"","overlay-opacity":"","overlay-gradient":""},"tablet":{"background-color":"var(--ast-global-color-5)","background-image":"","background-repeat":"repeat","background-position":"center center","background-size":"auto","background-attachment":"scroll","background-type":"","background-media":"","overlay-type":"","overlay-color":"","overlay-opacity":"","overlay-gradient":""},"mobile":{"background-color":"var(--ast-global-color-5)","background-image":"","background-repeat":"repeat","background-position":"center center","background-size":"auto","background-attachment":"scroll","background-type":"","background-media":"","overlay-type":"","overlay-color":"","overlay-opacity":"","overlay-gradient":""}},"footnotes":""},"class_list":["post-1319","page","type-page","status-publish","hentry"],"_links":{"self":[{"href":"https:\/\/texter.ee\/ru\/wp-json\/wp\/v2\/pages\/1319","targetHints":{"allow":["GET"]}}],"collection":[{"href":"https:\/\/texter.ee\/ru\/wp-json\/wp\/v2\/pages"}],"about":[{"href":"https:\/\/texter.ee\/ru\/wp-json\/wp\/v2\/types\/page"}],"author":[{"embeddable":true,"href":"https:\/\/texter.ee\/ru\/wp-json\/wp\/v2\/users\/1"}],"replies":[{"embeddable":true,"href":"https:\/\/texter.ee\/ru\/wp-json\/wp\/v2\/comments?post=1319"}],"version-history":[{"count":5,"href":"https:\/\/texter.ee\/ru\/wp-json\/wp\/v2\/pages\/1319\/revisions"}],"predecessor-version":[{"id":2672,"href":"https:\/\/texter.ee\/ru\/wp-json\/wp\/v2\/pages\/1319\/revisions\/2672"}],"wp:attachment":[{"href":"https:\/\/texter.ee\/ru\/wp-json\/wp\/v2\/media?parent=1319"}],"curies":[{"name":"wp","href":"https:\/\/api.w.org\/{rel}","templated":true}]}}