{"id":14,"date":"2025-09-22T12:38:39","date_gmt":"2025-09-22T09:38:39","guid":{"rendered":"https:\/\/texter.ee\/about\/"},"modified":"2025-10-20T14:32:46","modified_gmt":"2025-10-20T11:32:46","slug":"meist","status":"publish","type":"page","link":"https:\/\/texter.ee\/ru\/meist\/","title":{"rendered":"\u041e \u043d\u0430\u0441"},"content":{"rendered":"<div data-elementor-type=\"wp-page\" data-elementor-id=\"14\" class=\"elementor elementor-14\">\n\t\t\t\t<div class=\"elementor-element elementor-element-dcfb448 e-flex e-con-boxed e-con e-parent\" data-id=\"dcfb448\" data-element_type=\"container\" data-settings=\"{&quot;background_background&quot;:&quot;classic&quot;}\">\n\t\t\t\t\t<div class=\"e-con-inner\">\n\t\t<div class=\"elementor-element elementor-element-d21b7e0 e-flex e-con-boxed e-con e-child\" data-id=\"d21b7e0\" data-element_type=\"container\">\n\t\t\t\t\t<div class=\"e-con-inner\">\n\t\t\t\t<div class=\"elementor-element elementor-element-e9fd9dc elementor-widget elementor-widget-heading\" data-id=\"e9fd9dc\" data-element_type=\"widget\" data-widget_type=\"heading.default\">\n\t\t\t\t<div class=\"elementor-widget-container\">\n\t\t\t\t\t<h1 class=\"elementor-heading-title elementor-size-default\">\u041e \u043d\u0430\u0441<\/h1>\t\t\t\t<\/div>\n\t\t\t\t<\/div>\n\t\t\t\t\t<\/div>\n\t\t\t\t<\/div>\n\t\t\t\t\t<\/div>\n\t\t\t\t<\/div>\n\t\t<div class=\"elementor-element elementor-element-500861b e-flex e-con-boxed e-con e-parent\" data-id=\"500861b\" data-element_type=\"container\">\n\t\t\t\t\t<div class=\"e-con-inner\">\n\t\t<div class=\"elementor-element elementor-element-7dbc6fb e-con-full e-flex e-con e-child\" data-id=\"7dbc6fb\" data-element_type=\"container\">\n\t\t\t\t<div class=\"elementor-element elementor-element-6658dc9 elementor-widget elementor-widget-heading\" data-id=\"6658dc9\" data-element_type=\"widget\" data-widget_type=\"heading.default\">\n\t\t\t\t<div class=\"elementor-widget-container\">\n\t\t\t\t\t<h4 class=\"elementor-heading-title elementor-size-default\">Meie missioon\n\n<\/h4>\t\t\t\t<\/div>\n\t\t\t\t<\/div>\n\t\t\t\t<div class=\"elementor-element elementor-element-e9a8c1e elementor-widget elementor-widget-image\" data-id=\"e9a8c1e\" data-element_type=\"widget\" data-widget_type=\"image.default\">\n\t\t\t\t<div class=\"elementor-widget-container\">\n\t\t\t\t\t\t\t\t\t\t\t\t\t\t\t<img fetchpriority=\"high\" decoding=\"async\" width=\"525\" height=\"350\" src=\"https:\/\/texter.ee\/wp-content\/uploads\/2025\/09\/pexels-photo-6147381-6147381.jpg\" class=\"attachment-full size-full wp-image-2325\" alt=\"Group collaborating on assembling large puzzle pieces symbolizing teamwork and unity.\" srcset=\"https:\/\/texter.ee\/wp-content\/uploads\/2025\/09\/pexels-photo-6147381-6147381.jpg 525w, https:\/\/texter.ee\/wp-content\/uploads\/2025\/09\/pexels-photo-6147381-6147381-300x200.jpg 300w\" sizes=\"(max-width: 525px) 100vw, 525px\" title=\"\u041e \u043d\u0430\u0441\">\t\t\t\t\t\t\t\t\t\t\t\t\t\t\t<\/div>\n\t\t\t\t<\/div>\n\t\t\t\t<div class=\"elementor-element elementor-element-dd3c92e elementor-widget elementor-widget-text-editor\" data-id=\"dd3c92e\" data-element_type=\"widget\" data-widget_type=\"text-editor.default\">\n\t\t\t\t<div class=\"elementor-widget-container\">\n\t\t\t\t\t\t\t\t\t<p style=\"font-weight: 400;\">Pakume professionaalseid t\u00f5lkeid eesti, inglise ja vene suunal, olgu see ametlik dokument, turundusmaterjal v\u00f5i igap\u00e4evane suhtlus. Aitame sinu s\u00f5numil j\u00f5uda \u00f5igete inimesteni.<\/p>\t\t\t\t\t\t\t\t<\/div>\n\t\t\t\t<\/div>\n\t\t<div class=\"elementor-element elementor-element-a4d3ea5 e-con-full e-flex e-con e-child\" data-id=\"a4d3ea5\" data-element_type=\"container\">\n\t\t\t\t<div class=\"elementor-element elementor-element-051bb2d elementor-widget elementor-widget-text-editor\" data-id=\"051bb2d\" data-element_type=\"widget\" data-widget_type=\"text-editor.default\">\n\t\t\t\t<div class=\"elementor-widget-container\">\n\t\t\t\t\t\t\t\t\t<p>Meie t\u00f6\u00f6tajad<\/p>\t\t\t\t\t\t\t\t<\/div>\n\t\t\t\t<\/div>\n\t\t\t\t<\/div>\n\t\t<div class=\"elementor-element elementor-element-51b695b e-flex e-con-boxed e-con e-child\" data-id=\"51b695b\" data-element_type=\"container\">\n\t\t\t\t\t<div class=\"e-con-inner\">\n\t\t<div class=\"elementor-element elementor-element-8c3d36e e-flex e-con-boxed e-con e-child\" data-id=\"8c3d36e\" data-element_type=\"container\">\n\t\t\t\t\t<div class=\"e-con-inner\">\n\t\t\t\t<div class=\"elementor-element elementor-element-dc17847 elementor-widget elementor-widget-hfe-infocard\" data-id=\"dc17847\" data-element_type=\"widget\" data-widget_type=\"hfe-infocard.default\">\n\t\t\t\t<div class=\"elementor-widget-container\">\n\t\t\t\t\t\n\t\t<div class=\"hfe-infocard\">\n\t\t\t\t\t\t\t\t\t<div class=\"hfe-infocard-text-wrap\">\n\t\t\t\t<div class=\"hfe-infocard-text elementor-inline-editing\" data-elementor-setting-key=\"infocard_description\" data-elementor-inline-editing-toolbar=\"advanced\">\n\t\t\t\t\tLilia Jakobson on kogenud t\u00f5lkija ja eesti keele \u00f5petaja, kellel on \u00fcle viieteistk\u00fcmne aasta erialast kogemust. Ta on l\u00f5petanud magistri\u00f5ppe Tallinna \u00dclikoolis kirjaliku t\u00f5lke erialal ja kuulub Eesti T\u00f5lkemagistrite Liitu (ETML). Lilia on spetsialiseerunud tehniliste tekstide t\u00f5lkimisele ning tal on ulatuslik kogemus ka juriidiliste dokumentide, meditsiinitekstide, veebilehtede ja turundusmaterjalide t\u00f5lkimisel. \t\t\t\t<\/div>\n\t\t\t\t\t\t\t<\/div>\n\t\t<\/div>\n\n\t\t\t\t\t\t<\/div>\n\t\t\t\t<\/div>\n\t\t\t\t\t<\/div>\n\t\t\t\t<\/div>\n\t\t\t\t\t<\/div>\n\t\t\t\t<\/div>\n\t\t\t\t<\/div>\n\t\t\t\t\t<\/div>\n\t\t\t\t<\/div>\n\t\t<div class=\"elementor-element elementor-element-ba46aa4 e-flex e-con-boxed e-con e-parent\" data-id=\"ba46aa4\" data-element_type=\"container\" data-settings=\"{&quot;background_background&quot;:&quot;classic&quot;}\">\n\t\t\t\t\t<div class=\"e-con-inner\">\n\t\t<div class=\"elementor-element elementor-element-920e714 e-con-full e-flex e-con e-child\" data-id=\"920e714\" data-element_type=\"container\">\n\t\t\t\t<\/div>\n\t\t<div class=\"elementor-element elementor-element-94092f7 e-con-full e-flex e-con e-child\" data-id=\"94092f7\" data-element_type=\"container\">\n\t\t\t\t<div class=\"elementor-element elementor-element-aad1e15 elementor-widget elementor-widget-image\" data-id=\"aad1e15\" data-element_type=\"widget\" data-widget_type=\"image.default\">\n\t\t\t\t<div class=\"elementor-widget-container\">\n\t\t\t\t\t\t\t\t\t\t\t\t\t\t\t<img decoding=\"async\" width=\"46\" height=\"38\" src=\"https:\/\/texter.ee\/wp-content\/uploads\/2021\/11\/quotes.svg\" class=\"attachment-full size-full wp-image-146\" alt=\"quotes\" title=\"\u041e \u043d\u0430\u0441\">\t\t\t\t\t\t\t\t\t\t\t\t\t\t\t<\/div>\n\t\t\t\t<\/div>\n\t\t\t\t<\/div>\n\t\t<div class=\"elementor-element elementor-element-0bd015f e-con-full e-flex e-con e-child\" data-id=\"0bd015f\" data-element_type=\"container\">\n\t\t\t\t<\/div>\n\t\t\t\t\t<\/div>\n\t\t\t\t<\/div>\n\t\t\t\t<\/div>","protected":false},"excerpt":{"rendered":"<p>Meist Meie missioon Pakume professionaalseid t\u00f5lkeid eesti, inglise ja vene suunal, olgu see ametlik dokument, turundusmaterjal v\u00f5i igap\u00e4evane suhtlus. Aitame sinu s\u00f5numil j\u00f5uda \u00f5igete inimesteni. Meie t\u00f6\u00f6tajad Lilia Jakobson on kogenud t\u00f5lkija ja eesti keele \u00f5petaja, kellel on \u00fcle viieteistk\u00fcmne aasta erialast kogemust. Ta on l\u00f5petanud magistri\u00f5ppe Tallinna \u00dclikoolis kirjaliku t\u00f5lke erialal ja kuulub Eesti [&hellip;]<\/p>","protected":false},"author":1,"featured_media":0,"parent":0,"menu_order":0,"comment_status":"closed","ping_status":"closed","template":"","meta":{"site-sidebar-layout":"no-sidebar","site-content-layout":"page-builder","ast-site-content-layout":"default","site-content-style":"default","site-sidebar-style":"default","ast-global-header-display":"","ast-banner-title-visibility":"","ast-main-header-display":"","ast-hfb-above-header-display":"","ast-hfb-below-header-display":"","ast-hfb-mobile-header-display":"","site-post-title":"disabled","ast-breadcrumbs-content":"","ast-featured-img":"disabled","footer-sml-layout":"","theme-transparent-header-meta":"enabled","adv-header-id-meta":"","stick-header-meta":"","header-above-stick-meta":"","header-main-stick-meta":"","header-below-stick-meta":"","astra-migrate-meta-layouts":"default","ast-page-background-enabled":"default","ast-page-background-meta":{"desktop":{"background-color":"var(--ast-global-color-4)","background-image":"","background-repeat":"repeat","background-position":"center center","background-size":"auto","background-attachment":"scroll","background-type":"","background-media":"","overlay-type":"","overlay-color":"","overlay-opacity":"","overlay-gradient":""},"tablet":{"background-color":"","background-image":"","background-repeat":"repeat","background-position":"center center","background-size":"auto","background-attachment":"scroll","background-type":"","background-media":"","overlay-type":"","overlay-color":"","overlay-opacity":"","overlay-gradient":""},"mobile":{"background-color":"","background-image":"","background-repeat":"repeat","background-position":"center center","background-size":"auto","background-attachment":"scroll","background-type":"","background-media":"","overlay-type":"","overlay-color":"","overlay-opacity":"","overlay-gradient":""}},"ast-content-background-meta":{"desktop":{"background-color":"var(--ast-global-color-5)","background-image":"","background-repeat":"repeat","background-position":"center center","background-size":"auto","background-attachment":"scroll","background-type":"","background-media":"","overlay-type":"","overlay-color":"","overlay-opacity":"","overlay-gradient":""},"tablet":{"background-color":"var(--ast-global-color-5)","background-image":"","background-repeat":"repeat","background-position":"center center","background-size":"auto","background-attachment":"scroll","background-type":"","background-media":"","overlay-type":"","overlay-color":"","overlay-opacity":"","overlay-gradient":""},"mobile":{"background-color":"var(--ast-global-color-5)","background-image":"","background-repeat":"repeat","background-position":"center center","background-size":"auto","background-attachment":"scroll","background-type":"","background-media":"","overlay-type":"","overlay-color":"","overlay-opacity":"","overlay-gradient":""}},"footnotes":""},"class_list":["post-14","page","type-page","status-publish","hentry"],"_links":{"self":[{"href":"https:\/\/texter.ee\/ru\/wp-json\/wp\/v2\/pages\/14","targetHints":{"allow":["GET"]}}],"collection":[{"href":"https:\/\/texter.ee\/ru\/wp-json\/wp\/v2\/pages"}],"about":[{"href":"https:\/\/texter.ee\/ru\/wp-json\/wp\/v2\/types\/page"}],"author":[{"embeddable":true,"href":"https:\/\/texter.ee\/ru\/wp-json\/wp\/v2\/users\/1"}],"replies":[{"embeddable":true,"href":"https:\/\/texter.ee\/ru\/wp-json\/wp\/v2\/comments?post=14"}],"version-history":[{"count":5,"href":"https:\/\/texter.ee\/ru\/wp-json\/wp\/v2\/pages\/14\/revisions"}],"predecessor-version":[{"id":2728,"href":"https:\/\/texter.ee\/ru\/wp-json\/wp\/v2\/pages\/14\/revisions\/2728"}],"wp:attachment":[{"href":"https:\/\/texter.ee\/ru\/wp-json\/wp\/v2\/media?parent=14"}],"curies":[{"name":"wp","href":"https:\/\/api.w.org\/{rel}","templated":true}]}}