{"id":3,"date":"2025-09-19T13:07:39","date_gmt":"2025-09-19T13:07:39","guid":{"rendered":"https:\/\/texter.ee\/?page_id=3"},"modified":"2025-10-05T20:45:52","modified_gmt":"2025-10-05T17:45:52","slug":"andmekaitsetingimused","status":"publish","type":"page","link":"https:\/\/texter.ee\/ru\/andmekaitsetingimused\/","title":{"rendered":"Andmekaitsetingimused"},"content":{"rendered":"<div data-elementor-type=\"wp-page\" data-elementor-id=\"3\" class=\"elementor elementor-3\">\n\t\t\t\t<div class=\"elementor-element elementor-element-3185aeff e-flex e-con-boxed e-con e-parent\" data-id=\"3185aeff\" data-element_type=\"container\">\n\t\t\t\t\t<div class=\"e-con-inner\">\n\t\t\t\t<div class=\"elementor-element elementor-element-7e02b079 elementor-widget elementor-widget-text-editor\" data-id=\"7e02b079\" data-element_type=\"widget\" data-widget_type=\"text-editor.default\">\n\t\t\t\t<div class=\"elementor-widget-container\">\n\t\t\t\t\t\t\t\t\t<p style=\"font-weight: 400;\">Ettev\u00f5te Fenixbaltic O\u00dc jaoks on oluline Teie privaatsus ning kehtivate seaduste ja m\u00e4\u00e4ruste j\u00e4lgimine mis tahes isikuandmete kohta, mida v\u00f5ime Teie kohta koguda, kui k\u00fclastate meie veebilehte texter.ee.<\/p>\n<p style=\"font-weight: 400;\">K\u00e4esoleva privaatsuspoliitikaga soovime Teile selgitada, milliseid andmeid kogume, kuidas neid kasutame ja millised on Teie \u00f5igused oma andmete kaitsmiseks. J\u00e4rgnev rakendub ainult meie veebilehele ja selle k\u00fclastajatele ning ei rakendu andmetele, mida kogutakse muude kanalite kaudu.<\/p>\n<p style=\"font-weight: 400;\">Teie andmete t\u00f6\u00f6tleja on Fenixbaltic O\u00dc (reg. number: 11933723), e-postiga<\/p>\n<p style=\"font-weight: 400;\">info@texter.eu.<\/p>\n<p style=\"font-weight: 400;\">Kogume ja t\u00f6\u00f6tleme teavet koosk\u00f5las Euroopa Liidu \u00fcldise andmekaitse m\u00e4\u00e4rusega (GDPR).<\/p>\n<p style=\"font-weight: 400;\"><br><\/p>\n<p style=\"font-weight: 400;\">\n<\/p><ol>\n<li>Andmete kogumine ja kasutamine<\/li>\n<\/ol>\n<p style=\"font-weight: 400;\">Milliseid andmeid me kogume Kogutav teave h\u00f5lmab nii teavet, mida Te meile teadlikult ja aktiivselt edastate meie teenuste v\u00f5i kampaaniate kasutamisel v\u00f5i nendes osalemisel, kui ka kogu teavet, mille Teie seadmed saadavad meie toodetele ja teenustele juurde p\u00e4\u00e4semisel.<\/p>\n<p style=\"font-weight: 400;\">Meie poolt kogutavad andmed sisaldavad endas teavet, mida olete meie teenuste v\u00f5i kampaaniate kasutamisel meile teadlikult jaganud ning teavet, mida Teie seadmed meile automaatselt edastavad.<\/p>\n<p style=\"font-weight: 400;\">\n<\/p><p style=\"font-weight: 400;\">Teie isiklikud andmed v\u00f5ivad j\u00f5uda meieni j\u00e4rgmistel viisidel:<\/p>\n<ul>\n<li style=\"font-weight: 400;\">Kui kontakteerute meiega telefoni, e-posti v\u00f5i kontaktivormi kaudu.<\/li>\n<li style=\"font-weight: 400;\">Kui sirvite veebilehte texter.ee.<\/li>\n<li style=\"font-weight: 400;\">Lisaks nt: kui liitute meie uudiskirjaga.<\/li>\n<li style=\"font-weight: 400;\">Lisaks nt: kui jagate meie sotsiaalmeedia postitusi.<\/li>\n<\/ul>\n<ol start=\"2\">\n<li style=\"font-weight: 400;\">Kogutavad andmet\u00fc\u00fcbid<\/li>\n<\/ol>\n<p style=\"font-weight: 400;\">Isikuandmed<\/p><p style=\"font-weight: 400;\"><br><\/p>\n<p style=\"font-weight: 400;\">K\u00fcsime Teilt isiklikku informatsiooni ainult siis, kui see on vajalik Teile teenuse osutamiseks.<\/p>\n<p style=\"font-weight: 400;\">V\u00f5ttes meiega \u00fchendust v\u00f5i k\u00fclastades meie veebilehte, on v\u00f5imalik, et jagate meiega j\u00e4rgnevat teavet:<\/p>\n<ul>\n<li style=\"font-weight: 400;\">Ees- ja perekonnanimi<\/li>\n<li style=\"font-weight: 400;\">E-posti aadress<\/li>\n<li style=\"font-weight: 400;\">Telefoninumber<\/li>\n<li style=\"font-weight: 400;\">Informatsioon Teie veebibrauseri ja IP-aadressi kohta<\/li>\n<\/ul>\n<p style=\"font-weight: 400;\">Logifailid<\/p><p style=\"font-weight: 400;\"><br><\/p>\n<p style=\"font-weight: 400;\">Meie veebileht texter.ee salvestab oma k\u00fclastajate kohta logifaile. Kogutava teabe hulka v\u00f5ib kuuluda:<\/p>\n<ul>\n<li style=\"font-weight: 400;\">Kasutatava seadme t\u00fc\u00fcp<\/li>\n<li style=\"font-weight: 400;\">Interneti-protokolli (IP) aadress<\/li>\n<li style=\"font-weight: 400;\">brauseri t\u00fc\u00fcp<\/li>\n<li style=\"font-weight: 400;\">Internetiteenuse pakkuja (ISP)<\/li>\n<li style=\"font-weight: 400;\">Veebilehe k\u00fclastamise kuup\u00e4ev ja kellaaeg<\/li>\n<li style=\"font-weight: 400;\">Sisenemis- ja v\u00e4ljumise leht veebilehel tehtavate klikkide arv<\/li>\n<\/ul>\n<p style=\"font-weight: 400;\">Logifailides olevat informatsiooni kasutatakse trendide anal\u00fc\u00fcsimiseks, veebilehe administreerimiseks, lehe k\u00fclastajate tegevuste j\u00e4lgimiseks ning demograafilise info kogumiseks. Saadud teabe ei ole m\u00f5eldud, ega v\u00f5imaldagi isikut identifitseerida.<\/p>\n<p style=\"font-weight: 400;\">K\u00fcpsised<\/p>\n<p style=\"font-weight: 400;\">Nagu enamus veebilehti, kasutab ka texter.ee \u201ck\u00fcpsiseid\u201d. K\u00fcpsis on tekstifail, missalvestatakse veebisaidi k\u00fclastamisel kasutaja seadmesse. K\u00fcpsiste abil m\u00e4\u00e4ratakse ja salvestatakse eelistused, regionaalsed s\u00e4tted, teenuste kasutamise valikud jpm.<\/p>\n<p style=\"font-weight: 400;\">Soovi korral saate k\u00fcpsiste kasutamisest keelduda v\u00f5i brauseri seadistuses t\u00e4ielikult \u00e4ra keelata k\u00fcpsiste kasutamise. Viimase puhul on v\u00f5imalik, et veebilehe kasutamisel v\u00f5ib tekkida t\u00f5rkeid.<\/p>\n<p style=\"font-weight: 400;\">K\u00fcpsised jaotuvad p\u00fcsi- ja sessiooni k\u00fcpsisteks. P\u00fcsik\u00fcpsised j\u00e4\u00e4vad Teie<\/p>\n<p style=\"font-weight: 400;\">personaalarvutisse v\u00f5i mobiilseadmesse ka peale seda, kui olete sulgenud brauseri v\u00f5i arvuti. Sessioonik\u00fcpsised kustutatakse aga kohe p\u00e4rast brauseri sulgemist.<\/p>\n<p style=\"font-weight: 400;\">K\u00fcpsised jagunevad oma eesm\u00e4rgi j\u00e4rgi:<\/p>\n<p style=\"font-weight: 400;\">Vajalikud k\u00fcpsised. Sessioonik\u00fcpsised, mille eesm\u00e4rgiks on v\u00f5imaldada Teile meie veebisaidil pakutavate teenuste kasutamist. Need k\u00fcpsised aitavad kasutajaid autentida ja v\u00e4ltida kasutajakontode pahatahtlikku kasutamist. Ilma nende k\u00fcpsisteta ei saa me Teile soovitud teenuseid pakkuda.<\/p>\n<p style=\"font-weight: 400;\">Teavitus k\u00fcpsised. Need k\u00fcpsised tuvastavad, kas kasutajad on veebisaidil k\u00fcpsiste kasutamist aktsepteerinud.<\/p>\n<p style=\"font-weight: 400;\">Funktsionaalsuse k\u00fcpsised. Need k\u00fcpsised v\u00f5imaldavad Teie brauseril meeles pidada valikuid, mida teete veebisaidi kasutamisel, n\u00e4iteks Teie sisselogimisandmete v\u00f5i keele-eelistuste salvestamine. Nende k\u00fcpsiste eesm\u00e4rk on pakkuda Teile personaalsemat kogemust ja v\u00e4ltida eelistuste uuesti sisestamist.<\/p>\n<p style=\"font-weight: 400;\"><br><\/p>\n<p style=\"font-weight: 400;\">\n<\/p><ol start=\"3\">\n<li style=\"font-weight: 400;\">Kuidas me andmeid kasutame<\/li>\n<\/ol>\n<p style=\"font-weight: 400;\">Kogutud informatsiooni v\u00f5ime kasutada erinevatel eesm\u00e4rkidel, sealhulgas:<\/p>\n<ul>\n<li style=\"font-weight: 400;\">Meie veebilehe hooldamiseks, haldamiseks, arendamiseks, personaliseerimiseks ja <span style=\"font-size: 16px;\">laiendamiseks<\/span><\/li>\n<li style=\"font-weight: 400;\">Teie tuvastamiseks telefoni, s\u00f5numi v\u00f5i e-posti teel<\/li>\n<li style=\"font-weight: 400;\">Meie vaheliste interaktsioonide lihtsustamiseks ja kiirendamiseks, kui v\u00f5tate meiega<span style=\"font-size: 16px;\">\u00fchendust<\/span><\/li>\n<li style=\"font-weight: 400;\">Teile informatsiooni saatmisel ja meie teenuste kohta tagasiside palumisel<\/li>\n<li style=\"font-weight: 400;\">Vestlusajaloo lugemise v\u00f5imaldamiseks, et kiirendada asjakohase n\u00f5u andmist<\/li>\n<li style=\"font-weight: 400;\">Eesm\u00e4rgiga parandada meie teenuse kvaliteeti ja pakkuda t\u00f5husamaid sirvimis<span style=\"font-size: 16px;\">lahendusi<\/span><\/li>\n<li style=\"font-weight: 400;\">Pettuste v\u00e4ltimiseks ja meie veebilehe kaitsmiseks<\/li>\n<li style=\"font-weight: 400;\">Lisaks nt: v\u00f5imaldamaks meil Teiega \u00fchenduses olla sotsiaalmeedia konto kaudu<\/li>\n<li style=\"font-weight: 400;\">Lisaks nt: statistika kogumiseks, et saaksime pakkuda paremaid teenuseid ja\/v\u00f5i <span style=\"font-size: 16px;\">pakkumisi ning m\u00f5ista ja anal\u00fc\u00fcsida meie veebilehe k\u00fclastajate k\u00e4itumist<\/span><\/li>\n<li style=\"font-weight: 400;\">Lisaks nt: et arendada uusi uusi tooteid, teenuseid v\u00f5i parandada nende <span style=\"font-size: 16px;\">funktsionaalsust. <\/span><\/li>\n<li style=\"font-weight: 400;\">Lisaks nt: muudel eesm\u00e4rkidel. N\u00e4iteks andmete anal\u00fc\u00fcsimiseks, trendide <span style=\"font-size: 16px;\">uurimiseks, meie reklaamikampaaniate t\u00f5hususe hindamiseks.<\/span><\/li>\n<\/ul>\n<ol start=\"4\">\n<li style=\"font-weight: 400;\">Millistel juhtudel on v\u00f5imalik, et jagame Teie andmeid<\/li>\n<\/ol>\n<ul>\n<li style=\"font-weight: 400;\">V\u00f5ime jagada v\u00f5i edastada Teie isikuandmeid seoses meie ettev\u00f5tte omanike <span style=\"font-size: 16px;\">vahetuse, \u00fchinemise, varade m\u00fc\u00fcgi, finantseerimise v\u00f5i omandamise k\u00e4igus. <\/span><span style=\"font-size: 16px;\">Teavitame Teid Teie isikuandmete edastamisest ja sellest, kui neile hakkavad <\/span><span style=\"font-size: 16px;\">kehtima m\u00f5ne teise privaatsuspoliitika s\u00e4tted.<\/span><\/li>\n<li style=\"font-weight: 400;\"><span style=\"font-style: inherit; text-align: var(--text-align); background-color: var(--ast-global-color-4); color: var(--ast-global-color-3);\">V\u00f5ime jagada Teie andmeid oma partnerettev\u00f5tetega, n\u00f5udes neilt k\u00e4esoleva <\/span><span style=\"font-style: inherit; text-align: var(--text-align); color: var(--ast-global-color-3); font-size: 16px;\">privaatsuspoliitika j\u00e4rgimist. Partnerettev\u00f5tete hulka kuuluvad meie ema- ja <\/span><span style=\"font-style: inherit; text-align: var(--text-align); color: var(--ast-global-color-3); font-size: 16px;\">t\u00fctarettev\u00f5tted, \u00fchisettev\u00f5tte partnerid v\u00f5i ettev\u00f5tted, mis kuuluvad meile.<\/span><\/li>\n<li style=\"font-weight: 400;\"><span style=\"font-style: inherit; text-align: var(--text-align); background-color: var(--ast-global-color-4); color: var(--ast-global-color-3);\">V\u00f5ime jagada Teie andmeid oma \u00e4ripartneritega, et pakkuda Teile teatud tooteid, <\/span><span style=\"font-style: inherit; text-align: var(--text-align); color: var(--ast-global-color-3); font-size: 16px;\">teenuseid v\u00f5i kampaaniaid.<\/span><\/li>\n<li style=\"font-weight: 400;\"><span style=\"color: var(--ast-global-color-3); font-style: inherit; text-align: var(--text-align); background-color: var(--ast-global-color-4);\">V\u00f5ime Teie n\u00f5usolekul avaldada Teie isikuandmeid mis tahes muul eesm\u00e4rgil.<\/span><\/li>\n<li style=\"font-weight: 400;\"><span style=\"font-style: inherit; text-align: var(--text-align); color: var(--ast-global-color-3); background-color: var(--ast-global-color-4);\">Oleme kohustatud Teie isikuandmed avaldama, kui seda n\u00f5uab seadus. Heas usus <\/span><span style=\"font-style: inherit; text-align: var(--text-align); color: var(--ast-global-color-3); font-size: 16px;\">v\u00f5ime avaldada ka Teie andmeid, et j\u00e4rgida seadusest tulenevat kohustust, kaitsta <\/span><span style=\"font-style: inherit; text-align: var(--text-align); color: var(--ast-global-color-3); font-size: 16px;\">meie \u00f5igusi v\u00f5i omandit, ennetada v\u00f5i tuvastada v\u00f5imalikke meie teenuse <\/span><span style=\"font-style: inherit; text-align: var(--text-align); color: var(--ast-global-color-3); font-size: 16px;\">kasutamisega seonduvaid \u00f5igusrikkumisi ja tagada teenuse kasutajate turvalisus.<\/span><\/li>\n<\/ul>\n<ol start=\"5\">\n<li style=\"font-weight: 400;\">Teie isikuandmete s\u00e4ilitamine<\/li>\n<\/ol>\n<p style=\"font-weight: 400;\">Ettev\u00f5te s\u00e4ilitab Teie isikuandmeid ainult seni, kuni see on vajalik k\u00e4esolevas<\/p>\n<p style=\"font-weight: 400;\">privaatsuspoliitikas s\u00e4testatud eesm\u00e4rkidel. S\u00e4ilitame ja kasutame Teie isikuandmeid ulatuses, mis on vajalik meie juriidiliste kohustuste t\u00e4itmiseks (n\u00e4iteks kui peame Teie andmeid s\u00e4ilitama kehtivate seaduste j\u00e4rgimiseks), vaidluste lahendamiseks ning meie juriidiliste lepingute ja eeskirjade j\u00f5ustamiseks.<\/p>\n<p style=\"font-weight: 400;\">Ettev\u00f5te s\u00e4ilitab logifaile ka sisuanal\u00fc\u00fcsi eesm\u00e4rgil. Logifaile s\u00e4ilitatakse tavaliselt l\u00fchemataega, v\u00e4lja arvatud juhul, kui neid andmeid kasutatakse turvalisuse tugevdamiseks v\u00f5i meie teenuse funktsionaalsuse parandamiseks v\u00f5i kui me oleme seadusega kohustatud neid andmeid pikemaks ajaks s\u00e4ilitama.<\/p>\n<p style=\"font-weight: 400;\"><br><\/p>\n<ol start=\"6\">\n<li style=\"font-weight: 400;\">Laste andmete t\u00f6\u00f6tlemine<\/li>\n<\/ol>\n<p style=\"font-weight: 400;\">\u00dckski meie toode v\u00f5i teenus ei ole suunatud alla 13-aastastele lastele ja me ei kogu teadlikult alla 13-aastaste laste andmeid. Kahtluse korral, et t\u00f6\u00f6tleme alla 13-aastase isikuandmeid, eemaldame selle isiku k\u00f5igist meie andmebaasidest.<\/p>\n<p style=\"font-weight: 400;\"><br><\/p>\n<ol start=\"7\">\n<li style=\"font-weight: 400;\">Teie \u00f5igused oma andmete kaitsmiseks<\/li>\n<\/ol>\n<p style=\"font-weight: 400;\">Teil on alati \u00f5igus oma andmeid meiega mitte jagada, teadmisega, et see v\u00f5ib m\u00f5jutada Teie kogemust meie veebisaidil. Kui otsustate oma andmeid meiega mitte jagada, ei kohtle me<\/p>\n<p style=\"font-weight: 400;\">Teid seep\u00e4rast halvemini. Kui edastate meile isiklikku teavet, m\u00f5istate, et kogume, hoiame, kasutame ja avaldame seda vastavalt k\u00e4esolevale privaatsuspoliitikale. Teil on \u00f5igus n\u00f5uda Teie kohta kogutavate andmete \u00fcksikasju.<\/p>\n<p style=\"font-weight: 400;\">Saades Teie kohta isiklikku teavet kolmandalt osapoolelt, kaitseme seda vastavalt k\u00e4esolevale privaatsuspoliitikale ja Eesti Vabariigi seadusele. Kui jagate ise kolmanda osapoole andmeid, kinnitate, et Teil on selleks ka \u00f5igus ja luba. Isegi kui olete varem andnud n\u00f5usoleku meiega oma isiklikke andmeid turunduse eesm\u00e4rkidel jagada, j\u00e4\u00e4b Teile \u00f5igus igal ajal oma meelt muuta. Teil on alati \u00f5igus loobuda meiega suhtlemisest ja n\u00f5uda, et eemaldaksime Teie andmed meie andmebaasidest.<\/p>\n<p style=\"font-weight: 400;\">Aeg-ajalt v\u00f5ime ka k\u00fcsida Teie kohta teavet Teie isiku kinnitamiseks. Kui leiate, et andmed, mida Teie kohta kogunud oleme, on ebat\u00e4psed, aegunud, puudulikud, ebaolulised v\u00f5i eksitavad, palun v\u00f5tke meiega \u00fchendust e-posti teel: info@texter.ee.<\/p>\n<p style=\"font-weight: 400;\">Teeme k\u00f5ik meist oleneva, et parandada ebat\u00e4pset, puudulikku, eksitavat v\u00f5i aegunud teavet.<\/p>\n<p style=\"font-weight: 400;\">Kui arvate, et oleme rikkunud asjakohast andmekaitseseadust ja soovite esitada kaebuse,palun v\u00f5tke meiega \u00fchendust, kasutades k\u00e4esolevast dokumendist leitavaid kontaktandmeid ja edastage meile k\u00f5ik rikkumise kohta k\u00e4ivad \u00fcksikasjad. Uurime Teie kaebust viivitamata ja vastame teile kirjalikult, esitades uurimise tulemused ja toome v\u00e4lja sammud, mida Teie kaebuse lahendamiseks ette v\u00f5tame. Samuti on Teil \u00f5igus p\u00f6\u00f6rduda reguleeriva asutuse v\u00f5i andmekaitseasutuse poole.<\/p>\n<p style=\"font-weight: 400;\"><br><\/p>\n<ol start=\"8\">\n<li style=\"font-weight: 400;\">GDPR andmekaitse \u00f5igused<\/li>\n<\/ol>\n<p style=\"font-weight: 400;\">Soovime olla veendunud, et olete teadlik k\u00f5igist oma andmekaitse \u00f5igustest. Igal lehe kasutajal on \u00f5igus j\u00e4rgmistele tingimustele:<\/p>\n<ul>\n<li style=\"font-weight: 400;\">Juurdep\u00e4\u00e4su\u00f5igus \u2013 teil on \u00f5igus n\u00f5uda oma isikuandmete koopiaid.<\/li>\n<li style=\"font-weight: 400;\">\u00d5igus andmete parandustele \u2013 teil on \u00f5igus n\u00f5uda, et parandaksime Teie arvates <span style=\"font-size: 16px;\">ebat\u00e4psed andmed. Samuti on teil \u00f5igus n\u00f5uda, et t\u00e4iendaksime andmeid, mis on <\/span><span style=\"font-size: 16px;\">Teie arvates puudulikud.<\/span><\/li>\n<li style=\"font-weight: 400;\">Kustutamise \u00f5igus \u2013 teatud tingimustel on teil \u00f5igus n\u00f5uda Teie isikuandmete <span style=\"font-size: 16px;\">kustutamist.<\/span><\/li>\n<li style=\"font-weight: 400;\"><span style=\"font-size: 16px;\">Andmete t\u00f6\u00f6tlemise piiramise \u00f5igus \u2013 teatud tingimustel on teil \u00f5igus n\u00f5uda Teie <\/span><span style=\"font-size: 16px;\">isikuandmete kasutamise piiramist.<\/span><\/li>\n<li style=\"font-weight: 400;\"><span style=\"font-size: 16px;\">\u00d5igus vaidlustada isikuandmete kasutamine \u2013 teatud tingimustel on teil \u00f5igus <\/span><span style=\"font-size: 16px;\">vaidlustada Teie isikuandmete kasutamine.<\/span><\/li>\n<li style=\"font-weight: 400;\">\u00d5igus andmete teisaldatavusele \u2013 teatud tingimustel on teil \u00f5igus n\u00f5uda, et me <span style=\"font-size: 16px;\">edastaksime kogutud andmed kolmandale osapoolele v\u00f5i otse teile.<\/span><\/li>\n<\/ul>\n<ol start=\"9\">\n<li style=\"font-weight: 400;\">Teie andmete turvalisus<\/li>\n<\/ol>\n<p style=\"font-weight: 400;\">Teie isikuandmete turvalisus on meie jaoks oluline, kuid pidage meeles, et \u00fckski Interneti-teel info vahetamise viis ega elektrooniline salvestusmeetod pole 100% turvaline. Kuigi anname endast k\u00f5ik, et kaitsta Teie andmeid, ei saa me tagada nende t\u00e4ielikku turvalisust.<\/p>\n<p style=\"font-weight: 400;\">Fenixbaltic O\u00dc v\u00f5tab ette k\u00f5ik m\u00f5istlikult vajalikud meetmed, et tagada Teie andmete t\u00f6\u00f6tlemine turvaliselt ja koosk\u00f5las k\u00e4esoleva privaatsuspoliitika ning Eesti Vabariigi seadusega. Teie andmeid ei edastata \u00fchelegi organisatsioonile ega riigile, v\u00e4lja arvatud juhul, kui selleks on m\u00f5juv p\u00f5hjus ja on tagatud Teie andmete turvalisus.<\/p>\n<p style=\"font-weight: 400;\"><br><\/p>\n<ol start=\"10\">\n<li style=\"font-weight: 400;\">Viitamine teistele veebisaitidele<\/li>\n<\/ol>\n<p style=\"font-weight: 400;\">Meie veebisaidilt v\u00f5ite leida linke teistele veebilehtedele, mis ei kuulu meile. Kui vajutate kolmanda osapoole lingil, suunatakse teid selle kolmanda osapoole saidile. Soovitame tungivalt tutvuda iga k\u00fclastatava saidi privaatsus eeskirjaga.<\/p>\n<p style=\"font-weight: 400;\">Me ei oma mingit kontrolli kolmandate osapoolte saitide \u00fcle ega v\u00f5ta vastutust nende sisu, privaatsus poliitika, pakutavate teenuste v\u00f5i muu eest.<\/p>\n<p style=\"font-weight: 400;\"><br><\/p>\n<ol start=\"11\">\n<li style=\"font-weight: 400;\">Privaatsuspoliitika uuendused<\/li>\n<\/ol>\n<p style=\"font-weight: 400;\">Vajadusel on meil \u00f5igus teha k\u00e4esolevale privaatsuspoliitika dokumendile muudatusi. Privaatsuspoliitika uuenemise j\u00e4rel muudame me selle allosas paiknevat dokumendi v\u00e4rskendamise kuup\u00e4eva. Kui k\u00fclastate ja kasutate meie veebilehte ka p\u00e4rast privaatsuspoliitika uuendamist, k\u00e4sitleme me seda kui Teie vaikivat n\u00f5usolekut muudatustega.<\/p>\n<p style=\"font-weight: 400;\"><br><\/p>\n<p style=\"font-weight: 400;\">Viimati muudetud 25.09.2025<\/p>\t\t\t\t\t\t\t\t<\/div>\n\t\t\t\t<\/div>\n\t\t\t\t\t<\/div>\n\t\t\t\t<\/div>\n\t\t\t\t<\/div>","protected":false},"excerpt":{"rendered":"<p>Ettev\u00f5te Fenixbaltic O\u00dc jaoks on oluline Teie privaatsus ning kehtivate seaduste ja m\u00e4\u00e4ruste j\u00e4lgimine mis tahes isikuandmete kohta, mida v\u00f5ime Teie kohta koguda, kui k\u00fclastate meie veebilehte texter.ee. K\u00e4esoleva privaatsuspoliitikaga soovime Teile selgitada, milliseid andmeid kogume, kuidas neid kasutame ja millised on Teie \u00f5igused oma andmete kaitsmiseks. J\u00e4rgnev rakendub ainult meie veebilehele ja selle k\u00fclastajatele [&hellip;]<\/p>","protected":false},"author":1,"featured_media":0,"parent":0,"menu_order":0,"comment_status":"closed","ping_status":"closed","template":"","meta":{"site-sidebar-layout":"default","site-content-layout":"","ast-site-content-layout":"default","site-content-style":"default","site-sidebar-style":"default","ast-global-header-display":"","ast-banner-title-visibility":"","ast-main-header-display":"","ast-hfb-above-header-display":"","ast-hfb-below-header-display":"","ast-hfb-mobile-header-display":"","site-post-title":"","ast-breadcrumbs-content":"","ast-featured-img":"","footer-sml-layout":"","theme-transparent-header-meta":"default","adv-header-id-meta":"","stick-header-meta":"","header-above-stick-meta":"","header-main-stick-meta":"","header-below-stick-meta":"","astra-migrate-meta-layouts":"set","ast-page-background-enabled":"default","ast-page-background-meta":{"desktop":{"background-color":"var(--ast-global-color-4)","background-image":"","background-repeat":"repeat","background-position":"center center","background-size":"auto","background-attachment":"scroll","background-type":"","background-media":"","overlay-type":"","overlay-color":"","overlay-opacity":"","overlay-gradient":""},"tablet":{"background-color":"","background-image":"","background-repeat":"repeat","background-position":"center center","background-size":"auto","background-attachment":"scroll","background-type":"","background-media":"","overlay-type":"","overlay-color":"","overlay-opacity":"","overlay-gradient":""},"mobile":{"background-color":"","background-image":"","background-repeat":"repeat","background-position":"center center","background-size":"auto","background-attachment":"scroll","background-type":"","background-media":"","overlay-type":"","overlay-color":"","overlay-opacity":"","overlay-gradient":""}},"ast-content-background-meta":{"desktop":{"background-color":"var(--ast-global-color-5)","background-image":"","background-repeat":"repeat","background-position":"center center","background-size":"auto","background-attachment":"scroll","background-type":"","background-media":"","overlay-type":"","overlay-color":"","overlay-opacity":"","overlay-gradient":""},"tablet":{"background-color":"var(--ast-global-color-5)","background-image":"","background-repeat":"repeat","background-position":"center center","background-size":"auto","background-attachment":"scroll","background-type":"","background-media":"","overlay-type":"","overlay-color":"","overlay-opacity":"","overlay-gradient":""},"mobile":{"background-color":"var(--ast-global-color-5)","background-image":"","background-repeat":"repeat","background-position":"center center","background-size":"auto","background-attachment":"scroll","background-type":"","background-media":"","overlay-type":"","overlay-color":"","overlay-opacity":"","overlay-gradient":""}},"footnotes":""},"class_list":["post-3","page","type-page","status-publish","hentry"],"_links":{"self":[{"href":"https:\/\/texter.ee\/ru\/wp-json\/wp\/v2\/pages\/3","targetHints":{"allow":["GET"]}}],"collection":[{"href":"https:\/\/texter.ee\/ru\/wp-json\/wp\/v2\/pages"}],"about":[{"href":"https:\/\/texter.ee\/ru\/wp-json\/wp\/v2\/types\/page"}],"author":[{"embeddable":true,"href":"https:\/\/texter.ee\/ru\/wp-json\/wp\/v2\/users\/1"}],"replies":[{"embeddable":true,"href":"https:\/\/texter.ee\/ru\/wp-json\/wp\/v2\/comments?post=3"}],"version-history":[{"count":5,"href":"https:\/\/texter.ee\/ru\/wp-json\/wp\/v2\/pages\/3\/revisions"}],"predecessor-version":[{"id":2666,"href":"https:\/\/texter.ee\/ru\/wp-json\/wp\/v2\/pages\/3\/revisions\/2666"}],"wp:attachment":[{"href":"https:\/\/texter.ee\/ru\/wp-json\/wp\/v2\/media?parent=3"}],"curies":[{"name":"wp","href":"https:\/\/api.w.org\/{rel}","templated":true}]}}